{"id":1630,"date":"2024-09-19T13:01:09","date_gmt":"2024-09-19T11:01:09","guid":{"rendered":"https:\/\/ops.lapszenizne.pl\/?page_id=1630"},"modified":"2024-09-19T13:01:09","modified_gmt":"2024-09-19T11:01:09","slug":"dofinansowanie-wynagrodzen-pracownikow-jednostek-wspierania-rodziny-i-systemu-pieczy-zastepczej-na-lata-2024-2027","status":"publish","type":"page","link":"https:\/\/ops.lapszenizne.pl\/dofinansowanie-wynagrodzen-pracownikow-jednostek-wspierania-rodziny-i-systemu-pieczy-zastepczej-na-lata-2024-2027\/","title":{"rendered":"Dofinansowanie wynagrodze\u0144 pracownik\u00f3w jednostek wspierania rodziny i systemu pieczy zast\u0119pczej na lata 2024-2027"},"content":{"rendered":"<p><img loading=\"lazy\" decoding=\"async\" class=\"alignnone wp-image-1626 size-full\" src=\"https:\/\/ops.lapszenizne.pl\/wp-content\/uploads\/2024\/09\/Plakat-informacyjny-PracownicyPieczaDodatki2024-scaled.jpg\" alt=\"\" width=\"1810\" height=\"2560\" srcset=\"https:\/\/ops.lapszenizne.pl\/wp-content\/uploads\/2024\/09\/Plakat-informacyjny-PracownicyPieczaDodatki2024-scaled.jpg 1810w, https:\/\/ops.lapszenizne.pl\/wp-content\/uploads\/2024\/09\/Plakat-informacyjny-PracownicyPieczaDodatki2024-212x300.jpg 212w, https:\/\/ops.lapszenizne.pl\/wp-content\/uploads\/2024\/09\/Plakat-informacyjny-PracownicyPieczaDodatki2024-724x1024.jpg 724w, https:\/\/ops.lapszenizne.pl\/wp-content\/uploads\/2024\/09\/Plakat-informacyjny-PracownicyPieczaDodatki2024-768x1086.jpg 768w, https:\/\/ops.lapszenizne.pl\/wp-content\/uploads\/2024\/09\/Plakat-informacyjny-PracownicyPieczaDodatki2024-1086x1536.jpg 1086w, https:\/\/ops.lapszenizne.pl\/wp-content\/uploads\/2024\/09\/Plakat-informacyjny-PracownicyPieczaDodatki2024-1448x2048.jpg 1448w, https:\/\/ops.lapszenizne.pl\/wp-content\/uploads\/2024\/09\/Plakat-informacyjny-PracownicyPieczaDodatki2024-177x250.jpg 177w\" sizes=\"auto, (max-width: 1810px) 100vw, 1810px\" \/><\/p>\n","protected":false},"excerpt":{"rendered":"","protected":false},"author":2,"featured_media":0,"parent":0,"menu_order":0,"comment_status":"closed","ping_status":"closed","template":"","meta":{"footnotes":""},"class_list":["post-1630","page","type-page","status-publish","hentry"],"_links":{"self":[{"href":"https:\/\/ops.lapszenizne.pl\/wp-json\/wp\/v2\/pages\/1630","targetHints":{"allow":["GET"]}}],"collection":[{"href":"https:\/\/ops.lapszenizne.pl\/wp-json\/wp\/v2\/pages"}],"about":[{"href":"https:\/\/ops.lapszenizne.pl\/wp-json\/wp\/v2\/types\/page"}],"author":[{"embeddable":true,"href":"https:\/\/ops.lapszenizne.pl\/wp-json\/wp\/v2\/users\/2"}],"replies":[{"embeddable":true,"href":"https:\/\/ops.lapszenizne.pl\/wp-json\/wp\/v2\/comments?post=1630"}],"version-history":[{"count":1,"href":"https:\/\/ops.lapszenizne.pl\/wp-json\/wp\/v2\/pages\/1630\/revisions"}],"predecessor-version":[{"id":1634,"href":"https:\/\/ops.lapszenizne.pl\/wp-json\/wp\/v2\/pages\/1630\/revisions\/1634"}],"wp:attachment":[{"href":"https:\/\/ops.lapszenizne.pl\/wp-json\/wp\/v2\/media?parent=1630"}],"curies":[{"name":"wp","href":"https:\/\/api.w.org\/{rel}","templated":true}]}}