{"id":215,"date":"2019-10-25T13:27:34","date_gmt":"2019-10-25T11:27:34","guid":{"rendered":"http:\/\/ops.lapszenizne.pl\/?page_id=215"},"modified":"2021-08-03T09:04:08","modified_gmt":"2021-08-03T07:04:08","slug":"nieodplatna-pomoc-prawna-oraz-punkty-nieodplatnego-poradnictwa-obywatelskiego","status":"publish","type":"page","link":"https:\/\/ops.lapszenizne.pl\/nieodplatna-pomoc-prawna-oraz-punkty-nieodplatnego-poradnictwa-obywatelskiego\/","title":{"rendered":"Nieodp\u0142atna Pomoc Prawna Oraz Punkty Nieodp\u0142atnego Poradnictwa Obywatelskiego"},"content":{"rendered":"<div id=\"diff-inline-2814\">\n<div id=\"node-2814\" class=\"node node-site-page clearfix\">\n<div class=\"content\">\n<div class=\"field field-name-body field-type-text-with-summary field-label-hidden\">\n<div class=\"field-items\">\n<div class=\"field-item even\">\n<p style=\"text-align: center;\"><img loading=\"lazy\" decoding=\"async\" class=\"aligncenter wp-image-217\" src=\"http:\/\/ops.lapszenizne.pl\/wp-content\/uploads\/2019\/10\/Niodp\u0142atna-pomoc.jpg\" alt=\"\" width=\"572\" height=\"171\" srcset=\"https:\/\/ops.lapszenizne.pl\/wp-content\/uploads\/2019\/10\/Niodp\u0142atna-pomoc.jpg 893w, https:\/\/ops.lapszenizne.pl\/wp-content\/uploads\/2019\/10\/Niodp\u0142atna-pomoc-300x90.jpg 300w, https:\/\/ops.lapszenizne.pl\/wp-content\/uploads\/2019\/10\/Niodp\u0142atna-pomoc-768x230.jpg 768w, https:\/\/ops.lapszenizne.pl\/wp-content\/uploads\/2019\/10\/Niodp\u0142atna-pomoc-736x220.jpg 736w\" sizes=\"auto, (max-width: 572px) 100vw, 572px\" \/><\/p>\n<p><strong><a href=\"https:\/\/www.lapszenizne.pl\/gmina-lapsze-nizne-w-roku-2021-kontynuuje-wspolprace-ze-starostwem-powiatowym-w-nowym-targu-w\">Gmina \u0141apsze Ni\u017cne w roku 2021 kontynuuje wsp\u00f3\u0142prace ze Starostwem Powiatowym w Nowym Targu w zakresie nieodp\u0142atnej pomocy prawnej dla Mieszka\u0144c\u00f3w naszej gminy. <\/a><\/strong><\/p>\n<p class=\"rtecenter\" style=\"text-align: center;\"><span style=\"color: #ff0000;\"><strong>Uwaga! Nowy harmonogram pracy Punktu Porad Prawnych<\/strong><\/span><\/p>\n<hr \/>\n<p class=\"rtecenter\" style=\"text-align: center;\"><strong>PUNKT NIEODP\u0141ATNEJ POMOCY PRAWNEJ <\/strong><\/p>\n<p class=\"rtecenter\" style=\"text-align: center;\">34- 442 \u0141APSZE NI\u017bNE ul. JANA PAW\u0141A II 18<\/p>\n<p class=\"rtecenter\" style=\"text-align: center;\">BUDYNEK OCHOTNICZEJ STRA\u017bY PO\u017bARNEJ<\/p>\n<p class=\"rtecenter\" style=\"text-align: center;\"><strong>Wtorek<\/strong>\u00a0 13.00 \u2013 17.00 w tym mediacja<\/p>\n<p class=\"rtecenter\" style=\"text-align: center;\"><strong>Czwartek<\/strong>\u00a0 10.00 \u2013 14.00<\/p>\n<p><strong><img loading=\"lazy\" decoding=\"async\" id=\"TjR5FpymVHb-8M:\" class=\"rg_ic rg_i\" src=\"https:\/\/encrypted-tbn0.gstatic.com\/images?q=tbn:ANd9GcRVHF1O5jhDsHllRv2w2_mZxABs3eJn3ALFMbs3GiXYsJrslo97\" alt=\"Znalezione obrazy dla zapytania pdf ikona\" width=\"26\" height=\"35\" name=\"TjR5FpymVHb-8M:\" \/><\/strong> <a href=\"https:\/\/www.lapszenizne.pl\/sites\/default\/files\/press-release\/files\/harmonogram_pracy_punktow_nieodplatnej_pomocy.pdf\"><strong>HARMONOGRAM PRACY PUNKT\u00d3W NIEODP\u0141ATNEJ POMOCY PRAWNEJ ORAZ PUNKT\u00d3W NIEODP\u0141ATNEGO PORADNICTWA OBYWATELSKIEGO NA TERENIE POWIATU NOWOTARSKIEGO w 2021 ROKU<\/strong><\/a><\/p>\n<p><a href=\"https:\/\/www.lapszenizne.pl\/sites\/default\/files\/press-release\/files\/informacja_o_zasadach_udzielania_pomocy_prawnej.pdf\"><strong><img loading=\"lazy\" decoding=\"async\" id=\"TjR5FpymVHb-8M:\" class=\"rg_ic rg_i\" src=\"https:\/\/encrypted-tbn0.gstatic.com\/images?q=tbn:ANd9GcRVHF1O5jhDsHllRv2w2_mZxABs3eJn3ALFMbs3GiXYsJrslo97\" alt=\"Znalezione obrazy dla zapytania pdf ikona\" width=\"26\" height=\"35\" name=\"TjR5FpymVHb-8M:\" \/> INFORMACJA O ZASADACH UDZIELANIA NIEODP\u0141ATNEJ POMOCY PRAWNEJ W ROKU 2021<\/strong><\/a><\/p>\n<p><a href=\"https:\/\/www.lapszenizne.pl\/sites\/default\/files\/press-release\/files\/informacja_o_zasadach_swiadczenia_nieodplatnego_poradnictwa_obywatelskiego.pdf\"><strong><img loading=\"lazy\" decoding=\"async\" id=\"TjR5FpymVHb-8M:\" class=\"rg_ic rg_i\" src=\"https:\/\/encrypted-tbn0.gstatic.com\/images?q=tbn:ANd9GcRVHF1O5jhDsHllRv2w2_mZxABs3eJn3ALFMbs3GiXYsJrslo97\" alt=\"Znalezione obrazy dla zapytania pdf ikona\" width=\"26\" height=\"35\" name=\"TjR5FpymVHb-8M:\" \/> INFORMACJA O ZASADACH \u015aWIADCZENIA NIEODP\u0141ATNEGO PORADNICTWA OBYWATELSKIEGO W ROKU 2021<\/strong><\/a><\/p>\n<p><a href=\"https:\/\/www.lapszenizne.pl\/sites\/default\/files\/press-release\/files\/informacja_o_zasadach_swiadczenia_niedplatnej_mediacji.pdf\"><strong><img loading=\"lazy\" decoding=\"async\" id=\"TjR5FpymVHb-8M:\" class=\"rg_ic rg_i\" src=\"https:\/\/encrypted-tbn0.gstatic.com\/images?q=tbn:ANd9GcRVHF1O5jhDsHllRv2w2_mZxABs3eJn3ALFMbs3GiXYsJrslo97\" alt=\"Znalezione obrazy dla zapytania pdf ikona\" width=\"26\" height=\"35\" name=\"TjR5FpymVHb-8M:\" \/> INFORMACJA O ZASADACH \u015aWIADCZENIA NIEDP\u0141ATNEJ MEDIACJI<\/strong><\/a><\/p>\n<p><a href=\"http:\/\/ops.lapszenizne.pl\/wp-content\/uploads\/2021\/01\/HARMONOGRAM-I-KW.-2021.pdf\">HARMONOGRAM I KW. 2021<\/a><\/p>\n<\/div>\n<\/div>\n<\/div>\n<\/div>\n<\/div>\n<\/div>\n","protected":false},"excerpt":{"rendered":"<p>Gmina \u0141apsze Ni\u017cne w roku 2021 kontynuuje wsp\u00f3\u0142prace ze Starostwem Powiatowym w Nowym Targu w zakresie nieodp\u0142atnej pomocy prawnej dla Mieszka\u0144c\u00f3w naszej gminy. Uwaga! Nowy harmonogram pracy Punktu Porad Prawnych PUNKT NIEODP\u0141ATNEJ POMOCY PRAWNEJ 34- 442 \u0141APSZE NI\u017bNE ul. JANA PAW\u0141A II 18 BUDYNEK OCHOTNICZEJ STRA\u017bY PO\u017bARNEJ Wtorek\u00a0 13.00 \u2013 17.00 w tym mediacja Czwartek\u00a0 10.00 \u2013 14.00 HARMONOGRAM PRACY PUNKT\u00d3W NIEODP\u0141ATNEJ POMOCY PRAWNEJ ORAZ PUNKT\u00d3W NIEODP\u0141ATNEGO PORADNICTWA OBYWATELSKIEGO NA TERENIE POWIATU NOWOTARSKIEGO w 2021 ROKU INFORMACJA O ZASADACH UDZIELANIA NIEODP\u0141ATNEJ POMOCY PRAWNEJ W ROKU 2021 INFORMACJA O ZASADACH \u015aWIADCZENIA NIEODP\u0141ATNEGO PORADNICTWA OBYWATELSKIEGO W ROKU 2021 INFORMACJA O ZASADACH \u015aWIADCZENIA &hellip;<\/p>\n","protected":false},"author":1,"featured_media":0,"parent":0,"menu_order":0,"comment_status":"closed","ping_status":"closed","template":"","meta":{"footnotes":""},"class_list":["post-215","page","type-page","status-publish","hentry"],"_links":{"self":[{"href":"https:\/\/ops.lapszenizne.pl\/wp-json\/wp\/v2\/pages\/215","targetHints":{"allow":["GET"]}}],"collection":[{"href":"https:\/\/ops.lapszenizne.pl\/wp-json\/wp\/v2\/pages"}],"about":[{"href":"https:\/\/ops.lapszenizne.pl\/wp-json\/wp\/v2\/types\/page"}],"author":[{"embeddable":true,"href":"https:\/\/ops.lapszenizne.pl\/wp-json\/wp\/v2\/users\/1"}],"replies":[{"embeddable":true,"href":"https:\/\/ops.lapszenizne.pl\/wp-json\/wp\/v2\/comments?post=215"}],"version-history":[{"count":6,"href":"https:\/\/ops.lapszenizne.pl\/wp-json\/wp\/v2\/pages\/215\/revisions"}],"predecessor-version":[{"id":783,"href":"https:\/\/ops.lapszenizne.pl\/wp-json\/wp\/v2\/pages\/215\/revisions\/783"}],"wp:attachment":[{"href":"https:\/\/ops.lapszenizne.pl\/wp-json\/wp\/v2\/media?parent=215"}],"curies":[{"name":"wp","href":"https:\/\/api.w.org\/{rel}","templated":true}]}}